{"id":17861,"date":"2017-03-22T16:40:02","date_gmt":"2017-03-22T15:40:02","guid":{"rendered":"http:\/\/www.randa.tn\/produit\/bsissa-ble-copie\/"},"modified":"2023-08-15T21:47:39","modified_gmt":"2023-08-15T20:47:39","slug":"produits-sucres-sucre-glace","status":"publish","type":"product","link":"https:\/\/randa.tn\/en\/product\/produits-sucres-sucre-glace\/","title":{"rendered":"Icing Sugar"},"content":{"rendered":"<div class=\"val_enreg\"><p>[vc_row css_animation=&#8221;element_from_bottom&#8221; row_type=&#8221;row&#8221; use_row_as_full_screen_section=&#8221;no&#8221; type=&#8221;grid&#8221; angled_section=&#8221;no&#8221; text_align=&#8221;left&#8221; background_image_as_pattern=&#8221;without_pattern&#8221; background_color=&#8221;#ffffff&#8221; css=&#8221;.vc_custom_1489822870302{background-color: transparent !important;}&#8221;][vc_column css_animation=&#8221;fadeInUp&#8221; width=&#8221;2\/3&#8243;][vc_column_text]<\/p>\n<h2 style=\"margin-bottom: 4px; text-align: left;\">Ingredients<\/h2>\n<p>[\/vc_column_text][vc_single_image image=&#8221;17361&#8243; img_size=&#8221;full&#8221; alignment=&#8221;left&#8221; qode_css_animation=&#8221;&#8221;][vc_empty_space height=&#8221;5px&#8221;][\/vc_column][vc_column css_animation=&#8221;fadeInUp&#8221; width=&#8221;1\/3&#8243;][vc_column_text]<br \/>\n[\/vc_column_text][vc_empty_space height=&#8221;5px&#8221;][\/vc_column][\/vc_row]<\/p><\/div>\n<div class=\"recette_pdt\"><p>[vc_row css_animation=&#8221;element_from_bottom&#8221; row_type=&#8221;row&#8221; use_row_as_full_screen_section=&#8221;no&#8221; type=&#8221;full_width&#8221; angled_section=&#8221;no&#8221; text_align=&#8221;left&#8221; background_image_as_pattern=&#8221;without_pattern&#8221;][vc_column][vc_empty_space][vc_column_text]<\/p>\n<h2 style=\"text-align: left!important;\"><strong>Randa Recipes<\/strong><\/h2>\n<p>[\/vc_column_text][vc_empty_space]<div class='portfolio_slider_holder clearfix'><div class='portfolio_slider'  data-number_of_items='5'  ><ul class='portfolio_slides'><li class='item'><div class='image_holder'><span class='image'><span class='image_pixel_hover'><\/span><a itemprop='url' href='https:\/\/randa.tn\/en\/recettes\/bucatini-aux-moules\/' target='_self'><img loading=\"lazy\" decoding=\"async\" width=\"570\" height=\"570\" src=\"https:\/\/randa.tn\/wp-content\/uploads\/2017\/04\/Bucatini-aux-moules-570x570.jpg\" class=\"attachment-portfolio-square size-portfolio-square wp-post-image\" alt=\"\" srcset=\"https:\/\/randa.tn\/wp-content\/uploads\/2017\/04\/Bucatini-aux-moules-570x570.jpg 570w, https:\/\/randa.tn\/wp-content\/uploads\/2017\/04\/Bucatini-aux-moules-150x150.jpg 150w, https:\/\/randa.tn\/wp-content\/uploads\/2017\/04\/Bucatini-aux-moules-600x600.jpg 600w, https:\/\/randa.tn\/wp-content\/uploads\/2017\/04\/Bucatini-aux-moules-500x500.jpg 500w\" sizes=\"(max-width: 570px) 100vw, 570px\" \/><\/a><\/span><div class='hover_feature_holder'><div class=\"hover_feature_holder_outer\"><div class=\"hover_feature_holder_inner\"><h3 itemprop=\"name\" class=\"portfolio_title entry_title\"><a itemprop=\"url\" href=\"https:\/\/randa.tn\/en\/recettes\/bucatini-aux-moules\/\" target=\"_self\">Bucatini with mussels<\/a><\/h3><span class=\"separator small\"><\/span><div class=\"project_category\">Pasta, Recipes<\/div><a itemprop=\"url\" href=\"https:\/\/randa.tn\/en\/recettes\/bucatini-aux-moules\/\" target=\"_self\" class=\"qbutton white small\">view<\/a><\/div><\/div><\/div><\/div><\/li><li class='item'><div class='image_holder'><span class='image'><span class='image_pixel_hover'><\/span><a itemprop='url' href='https:\/\/randa.tn\/en\/recettes\/tagliatelle-au-four\/' target='_self'><img loading=\"lazy\" decoding=\"async\" width=\"570\" height=\"570\" src=\"https:\/\/randa.tn\/wp-content\/uploads\/2017\/04\/Tagliatelle-au-four-mas-570x570.jpg\" class=\"attachment-portfolio-square size-portfolio-square wp-post-image\" alt=\"\" srcset=\"https:\/\/randa.tn\/wp-content\/uploads\/2017\/04\/Tagliatelle-au-four-mas-570x570.jpg 570w, https:\/\/randa.tn\/wp-content\/uploads\/2017\/04\/Tagliatelle-au-four-mas-150x150.jpg 150w, https:\/\/randa.tn\/wp-content\/uploads\/2017\/04\/Tagliatelle-au-four-mas-600x600.jpg 600w, https:\/\/randa.tn\/wp-content\/uploads\/2017\/04\/Tagliatelle-au-four-mas-500x500.jpg 500w\" sizes=\"(max-width: 570px) 100vw, 570px\" \/><\/a><\/span><div class='hover_feature_holder'><div class=\"hover_feature_holder_outer\"><div class=\"hover_feature_holder_inner\"><h3 itemprop=\"name\" class=\"portfolio_title entry_title\"><a itemprop=\"url\" href=\"https:\/\/randa.tn\/en\/recettes\/tagliatelle-au-four\/\" target=\"_self\">Baked Tagliatelle<\/a><\/h3><span class=\"separator small\"><\/span><div class=\"project_category\">Special Pasta, Recipes<\/div><a itemprop=\"url\" href=\"https:\/\/randa.tn\/en\/recettes\/tagliatelle-au-four\/\" target=\"_self\" class=\"qbutton white small\">view<\/a><\/div><\/div><\/div><\/div><\/li><li class='item'><div class='image_holder'><span class='image'><span class='image_pixel_hover'><\/span><a itemprop='url' href='https:\/\/randa.tn\/en\/recettes\/lasagne-a-la-ricotta\/' target='_self'><img loading=\"lazy\" decoding=\"async\" width=\"570\" height=\"570\" src=\"https:\/\/randa.tn\/wp-content\/uploads\/2017\/04\/Lasagne-\u00e0-la-ricotta-570x570.jpg\" class=\"attachment-portfolio-square size-portfolio-square wp-post-image\" alt=\"\" srcset=\"https:\/\/randa.tn\/wp-content\/uploads\/2017\/04\/Lasagne-\u00e0-la-ricotta-570x570.jpg 570w, https:\/\/randa.tn\/wp-content\/uploads\/2017\/04\/Lasagne-\u00e0-la-ricotta-150x150.jpg 150w, https:\/\/randa.tn\/wp-content\/uploads\/2017\/04\/Lasagne-\u00e0-la-ricotta-300x300.jpg 300w, https:\/\/randa.tn\/wp-content\/uploads\/2017\/04\/Lasagne-\u00e0-la-ricotta-768x768.jpg 768w, https:\/\/randa.tn\/wp-content\/uploads\/2017\/04\/Lasagne-\u00e0-la-ricotta-600x600.jpg 600w, https:\/\/randa.tn\/wp-content\/uploads\/2017\/04\/Lasagne-\u00e0-la-ricotta-500x500.jpg 500w, https:\/\/randa.tn\/wp-content\/uploads\/2017\/04\/Lasagne-\u00e0-la-ricotta-700x700.jpg 700w, https:\/\/randa.tn\/wp-content\/uploads\/2017\/04\/Lasagne-\u00e0-la-ricotta.jpg 900w\" sizes=\"(max-width: 570px) 100vw, 570px\" \/><\/a><\/span><div class='hover_feature_holder'><div class=\"hover_feature_holder_outer\"><div class=\"hover_feature_holder_inner\"><h3 itemprop=\"name\" class=\"portfolio_title entry_title\"><a itemprop=\"url\" href=\"https:\/\/randa.tn\/en\/recettes\/lasagne-a-la-ricotta\/\" target=\"_self\">Ricotta lasagna<\/a><\/h3><span class=\"separator small\"><\/span><div class=\"project_category\">Special Pasta, Recipes<\/div><a itemprop=\"url\" href=\"https:\/\/randa.tn\/en\/recettes\/lasagne-a-la-ricotta\/\" target=\"_self\" class=\"qbutton white small\">view<\/a><\/div><\/div><\/div><\/div><\/li><li class='item'><div class='image_holder'><span class='image'><span class='image_pixel_hover'><\/span><a itemprop='url' href='https:\/\/randa.tn\/en\/recettes\/penne-puttanesca\/' target='_self'><img loading=\"lazy\" decoding=\"async\" width=\"570\" height=\"570\" src=\"https:\/\/randa.tn\/wp-content\/uploads\/2017\/04\/Penne-puttanesca-570x570.jpg\" class=\"attachment-portfolio-square size-portfolio-square wp-post-image\" alt=\"\" srcset=\"https:\/\/randa.tn\/wp-content\/uploads\/2017\/04\/Penne-puttanesca-570x570.jpg 570w, https:\/\/randa.tn\/wp-content\/uploads\/2017\/04\/Penne-puttanesca-150x150.jpg 150w, https:\/\/randa.tn\/wp-content\/uploads\/2017\/04\/Penne-puttanesca-600x600.jpg 600w, https:\/\/randa.tn\/wp-content\/uploads\/2017\/04\/Penne-puttanesca-500x500.jpg 500w\" sizes=\"(max-width: 570px) 100vw, 570px\" \/><\/a><\/span><div class='hover_feature_holder'><div class=\"hover_feature_holder_outer\"><div class=\"hover_feature_holder_inner\"><h3 itemprop=\"name\" class=\"portfolio_title entry_title\"><a itemprop=\"url\" href=\"https:\/\/randa.tn\/en\/recettes\/penne-puttanesca\/\" target=\"_self\">Penne Puttanesca<\/a><\/h3><span class=\"separator small\"><\/span><div class=\"project_category\">Pasta, Recipes<\/div><a itemprop=\"url\" href=\"https:\/\/randa.tn\/en\/recettes\/penne-puttanesca\/\" target=\"_self\" class=\"qbutton white small\">view<\/a><\/div><\/div><\/div><\/div><\/li><li class='item'><div class='image_holder'><span class='image'><span class='image_pixel_hover'><\/span><a itemprop='url' href='https:\/\/randa.tn\/en\/recettes\/lasagne-aux-epinards-aux-fruits-de-mer\/' target='_self'><img loading=\"lazy\" decoding=\"async\" width=\"570\" height=\"570\" src=\"https:\/\/randa.tn\/wp-content\/uploads\/2017\/04\/Lasagne-aux-\u00e9pinards-aux-fruits-de-mer-2-570x570.jpg\" class=\"attachment-portfolio-square size-portfolio-square wp-post-image\" alt=\"\" srcset=\"https:\/\/randa.tn\/wp-content\/uploads\/2017\/04\/Lasagne-aux-\u00e9pinards-aux-fruits-de-mer-2-570x570.jpg 570w, https:\/\/randa.tn\/wp-content\/uploads\/2017\/04\/Lasagne-aux-\u00e9pinards-aux-fruits-de-mer-2-150x150.jpg 150w, https:\/\/randa.tn\/wp-content\/uploads\/2017\/04\/Lasagne-aux-\u00e9pinards-aux-fruits-de-mer-2-600x600.jpg 600w, https:\/\/randa.tn\/wp-content\/uploads\/2017\/04\/Lasagne-aux-\u00e9pinards-aux-fruits-de-mer-2-500x500.jpg 500w\" sizes=\"(max-width: 570px) 100vw, 570px\" \/><\/a><\/span><div class='hover_feature_holder'><div class=\"hover_feature_holder_outer\"><div class=\"hover_feature_holder_inner\"><h3 itemprop=\"name\" class=\"portfolio_title entry_title\"><a itemprop=\"url\" href=\"https:\/\/randa.tn\/en\/recettes\/lasagne-aux-epinards-aux-fruits-de-mer\/\" target=\"_self\">Spinach lasagna with seafood<\/a><\/h3><span class=\"separator small\"><\/span><div class=\"project_category\">Special Pasta, Recipes<\/div><a itemprop=\"url\" href=\"https:\/\/randa.tn\/en\/recettes\/lasagne-aux-epinards-aux-fruits-de-mer\/\" target=\"_self\" class=\"qbutton white small\">view<\/a><\/div><\/div><\/div><\/div><\/li><li class='item'><div class='image_holder'><span class='image'><span class='image_pixel_hover'><\/span><a itemprop='url' href='https:\/\/randa.tn\/en\/recettes\/pate-champignon-aux-crevettes\/' target='_self'><img loading=\"lazy\" decoding=\"async\" width=\"570\" height=\"570\" src=\"https:\/\/randa.tn\/wp-content\/uploads\/2017\/04\/P\u00e2te-champignon-aux-crevettes-p-570x570.jpg\" class=\"attachment-portfolio-square size-portfolio-square wp-post-image\" alt=\"\" srcset=\"https:\/\/randa.tn\/wp-content\/uploads\/2017\/04\/P\u00e2te-champignon-aux-crevettes-p-570x570.jpg 570w, https:\/\/randa.tn\/wp-content\/uploads\/2017\/04\/P\u00e2te-champignon-aux-crevettes-p-150x150.jpg 150w, https:\/\/randa.tn\/wp-content\/uploads\/2017\/04\/P\u00e2te-champignon-aux-crevettes-p-600x600.jpg 600w, https:\/\/randa.tn\/wp-content\/uploads\/2017\/04\/P\u00e2te-champignon-aux-crevettes-p-500x500.jpg 500w\" sizes=\"(max-width: 570px) 100vw, 570px\" \/><\/a><\/span><div class='hover_feature_holder'><div class=\"hover_feature_holder_outer\"><div class=\"hover_feature_holder_inner\"><h3 itemprop=\"name\" class=\"portfolio_title entry_title\"><a itemprop=\"url\" href=\"https:\/\/randa.tn\/en\/recettes\/pate-champignon-aux-crevettes\/\" target=\"_self\">Mushroom pasta with shrimps<\/a><\/h3><span class=\"separator small\"><\/span><div class=\"project_category\">Special Pasta, Recipes<\/div><a itemprop=\"url\" href=\"https:\/\/randa.tn\/en\/recettes\/pate-champignon-aux-crevettes\/\" target=\"_self\" class=\"qbutton white small\">view<\/a><\/div><\/div><\/div><\/div><\/li><li class='item'><div class='image_holder'><span class='image'><span class='image_pixel_hover'><\/span><a itemprop='url' href='https:\/\/randa.tn\/en\/recettes\/cannelloni-aux-epinards-au-poulet\/' target='_self'><img loading=\"lazy\" decoding=\"async\" width=\"570\" height=\"570\" src=\"https:\/\/randa.tn\/wp-content\/uploads\/2017\/04\/Cannelloni-aux-\u00e9pinards-2-570x570.jpg\" class=\"attachment-portfolio-square size-portfolio-square wp-post-image\" alt=\"\" srcset=\"https:\/\/randa.tn\/wp-content\/uploads\/2017\/04\/Cannelloni-aux-\u00e9pinards-2-570x570.jpg 570w, https:\/\/randa.tn\/wp-content\/uploads\/2017\/04\/Cannelloni-aux-\u00e9pinards-2-150x150.jpg 150w, https:\/\/randa.tn\/wp-content\/uploads\/2017\/04\/Cannelloni-aux-\u00e9pinards-2-600x600.jpg 600w, https:\/\/randa.tn\/wp-content\/uploads\/2017\/04\/Cannelloni-aux-\u00e9pinards-2-500x500.jpg 500w\" sizes=\"(max-width: 570px) 100vw, 570px\" \/><\/a><\/span><div class='hover_feature_holder'><div class=\"hover_feature_holder_outer\"><div class=\"hover_feature_holder_inner\"><h3 itemprop=\"name\" class=\"portfolio_title entry_title\"><a itemprop=\"url\" href=\"https:\/\/randa.tn\/en\/recettes\/cannelloni-aux-epinards-au-poulet\/\" target=\"_self\">Spinach Cannelloni with chicken<\/a><\/h3><span class=\"separator small\"><\/span><div class=\"project_category\">Special Pasta, Recipes<\/div><a itemprop=\"url\" href=\"https:\/\/randa.tn\/en\/recettes\/cannelloni-aux-epinards-au-poulet\/\" target=\"_self\" class=\"qbutton white small\">view<\/a><\/div><\/div><\/div><\/div><\/li><li class='item'><div class='image_holder'><span class='image'><span class='image_pixel_hover'><\/span><a itemprop='url' href='https:\/\/randa.tn\/en\/recettes\/tagliatelle-aux-epinards-aux-crevettes-et-sauce-blanche\/' target='_self'><img loading=\"lazy\" decoding=\"async\" width=\"570\" height=\"570\" src=\"https:\/\/randa.tn\/wp-content\/uploads\/2017\/04\/Tagliatelle-aux-\u00e9pinards-p-570x570.jpg\" class=\"attachment-portfolio-square size-portfolio-square wp-post-image\" alt=\"\" srcset=\"https:\/\/randa.tn\/wp-content\/uploads\/2017\/04\/Tagliatelle-aux-\u00e9pinards-p-570x570.jpg 570w, https:\/\/randa.tn\/wp-content\/uploads\/2017\/04\/Tagliatelle-aux-\u00e9pinards-p-150x150.jpg 150w, https:\/\/randa.tn\/wp-content\/uploads\/2017\/04\/Tagliatelle-aux-\u00e9pinards-p-300x300.jpg 300w, https:\/\/randa.tn\/wp-content\/uploads\/2017\/04\/Tagliatelle-aux-\u00e9pinards-p-768x768.jpg 768w, https:\/\/randa.tn\/wp-content\/uploads\/2017\/04\/Tagliatelle-aux-\u00e9pinards-p-600x600.jpg 600w, https:\/\/randa.tn\/wp-content\/uploads\/2017\/04\/Tagliatelle-aux-\u00e9pinards-p-500x500.jpg 500w, https:\/\/randa.tn\/wp-content\/uploads\/2017\/04\/Tagliatelle-aux-\u00e9pinards-p-700x700.jpg 700w, https:\/\/randa.tn\/wp-content\/uploads\/2017\/04\/Tagliatelle-aux-\u00e9pinards-p.jpg 900w\" sizes=\"(max-width: 570px) 100vw, 570px\" \/><\/a><\/span><div class='hover_feature_holder'><div class=\"hover_feature_holder_outer\"><div class=\"hover_feature_holder_inner\"><h3 itemprop=\"name\" class=\"portfolio_title entry_title\"><a itemprop=\"url\" href=\"https:\/\/randa.tn\/en\/recettes\/tagliatelle-aux-epinards-aux-crevettes-et-sauce-blanche\/\" target=\"_self\">Spinach Tagliatelle with shrimps and white sauce<\/a><\/h3><span class=\"separator small\"><\/span><div class=\"project_category\">Special Pasta, Recipes<\/div><a itemprop=\"url\" href=\"https:\/\/randa.tn\/en\/recettes\/tagliatelle-aux-epinards-aux-crevettes-et-sauce-blanche\/\" target=\"_self\" class=\"qbutton white small\">view<\/a><\/div><\/div><\/div><\/div><\/li><li class='item'><div class='image_holder'><span class='image'><span class='image_pixel_hover'><\/span><a itemprop='url' href='https:\/\/randa.tn\/en\/recettes\/gratin-de-pates-au-thon\/' target='_self'><img loading=\"lazy\" decoding=\"async\" width=\"570\" height=\"570\" src=\"https:\/\/randa.tn\/wp-content\/uploads\/2017\/04\/Gratin-de-p\u00e2tes-au-thon-p-570x570.jpg\" class=\"attachment-portfolio-square size-portfolio-square wp-post-image\" alt=\"\" srcset=\"https:\/\/randa.tn\/wp-content\/uploads\/2017\/04\/Gratin-de-p\u00e2tes-au-thon-p-570x570.jpg 570w, https:\/\/randa.tn\/wp-content\/uploads\/2017\/04\/Gratin-de-p\u00e2tes-au-thon-p-150x150.jpg 150w, https:\/\/randa.tn\/wp-content\/uploads\/2017\/04\/Gratin-de-p\u00e2tes-au-thon-p-600x600.jpg 600w, https:\/\/randa.tn\/wp-content\/uploads\/2017\/04\/Gratin-de-p\u00e2tes-au-thon-p-500x500.jpg 500w\" sizes=\"(max-width: 570px) 100vw, 570px\" \/><\/a><\/span><div class='hover_feature_holder'><div class=\"hover_feature_holder_outer\"><div class=\"hover_feature_holder_inner\"><h3 itemprop=\"name\" class=\"portfolio_title entry_title\"><a itemprop=\"url\" href=\"https:\/\/randa.tn\/en\/recettes\/gratin-de-pates-au-thon\/\" target=\"_self\">Pasta gratin with tuna<\/a><\/h3><span class=\"separator small\"><\/span><div class=\"project_category\">Pasta, Recipes<\/div><a itemprop=\"url\" href=\"https:\/\/randa.tn\/en\/recettes\/gratin-de-pates-au-thon\/\" target=\"_self\" class=\"qbutton white small\">view<\/a><\/div><\/div><\/div><\/div><\/li><li class='item'><div class='image_holder'><span class='image'><span class='image_pixel_hover'><\/span><a itemprop='url' href='https:\/\/randa.tn\/en\/recettes\/borzguen\/' target='_self'><img loading=\"lazy\" decoding=\"async\" width=\"570\" height=\"570\" src=\"https:\/\/randa.tn\/wp-content\/uploads\/2017\/05\/Borzguen-570x570.jpg\" class=\"attachment-portfolio-square size-portfolio-square wp-post-image\" alt=\"\" srcset=\"https:\/\/randa.tn\/wp-content\/uploads\/2017\/05\/Borzguen-570x570.jpg 570w, https:\/\/randa.tn\/wp-content\/uploads\/2017\/05\/Borzguen-150x150.jpg 150w, https:\/\/randa.tn\/wp-content\/uploads\/2017\/05\/Borzguen-600x600.jpg 600w, https:\/\/randa.tn\/wp-content\/uploads\/2017\/05\/Borzguen-500x500.jpg 500w\" sizes=\"(max-width: 570px) 100vw, 570px\" \/><\/a><\/span><div class='hover_feature_holder'><div class=\"hover_feature_holder_outer\"><div class=\"hover_feature_holder_inner\"><h3 itemprop=\"name\" class=\"portfolio_title entry_title\"><a itemprop=\"url\" href=\"https:\/\/randa.tn\/en\/recettes\/borzguen\/\" target=\"_self\">Borzguen<\/a><\/h3><span class=\"separator small\"><\/span><div class=\"project_category\">Couscous, Recipes<\/div><a itemprop=\"url\" href=\"https:\/\/randa.tn\/en\/recettes\/borzguen\/\" target=\"_self\" class=\"qbutton white small\">view<\/a><\/div><\/div><\/div><\/div><\/li><\/ul><ul class=\"caroufredsel-direction-nav\"><li><a id=\"caroufredsel-prev\" class=\"caroufredsel-prev\" href=\"#\"><div><i class=\"fa fa-angle-left\"><\/i><\/div><\/a><\/li><li><a class=\"caroufredsel-next\" id=\"caroufredsel-next\" href=\"#\"><div><i class=\"fa fa-angle-right\"><\/i><\/div><\/a><\/li><\/ul><\/div><\/div>[\/vc_column][\/vc_row]<\/p><\/div>\n","protected":false},"excerpt":{"rendered":"<div class=\"desc_pdt\">\n<h1 style=\"margin-bottom: 20px;\"><span style=\"color: #006e2e; font-size: 28px; font-weight: 900; line-height: 21px;\">Produits Sucr\u00e9s | <\/span>Sucre Glace<\/h1>\n<p>&nbsp;<\/p>\n<p>[vc_row css_animation=&#8221;&#8221; row_type=&#8221;row&#8221; use_row_as_full_screen_section=&#8221;no&#8221; type=&#8221;full_width&#8221; angled_section=&#8221;no&#8221; text_align=&#8221;left&#8221; background_image_as_pattern=&#8221;without_pattern&#8221; el_class=&#8221;row-1-desc-pdt&#8221;][vc_column el_class=&#8221;row-1-col1-desc-pdt &#8220;][vc_column_text]<\/p>\n<p>Sucre Glace Randa utilis\u00e9 principalement pour la d\u00e9coration des p\u00e2tisseries (op\u00e9ration de gla\u00e7age, d\u2019o\u00f9 son nom), en saupoudrage sur les g\u00e2teaux, tartes, ou encore pour sucrer les blancs en neige. Produit dans des installations \u00e0 la pointe de la technologie garantissant les meilleures conditions d\u2019hygi\u00e8ne et de s\u00e9curit\u00e9 alimentaire.<\/p>\n<p>[\/vc_column_text][\/vc_column][\/vc_row]<\/p>\n<p>[vc_row css_animation=&#8221;&#8221; row_type=&#8221;row&#8221; use_row_as_full_screen_section=&#8221;no&#8221; type=&#8221;full_width&#8221; angled_section=&#8221;no&#8221; text_align=&#8221;left&#8221; background_image_as_pattern=&#8221;without_pattern&#8221; el_class=&#8221;row-2-desc-pdt&#8221;][vc_column][vc_row_inner row_type=&#8221;row&#8221; type=&#8221;full_width&#8221; text_align=&#8221;left&#8221; css_animation=&#8221;&#8221; el_class=&#8221;row-2-desc-pdt&#8221;][vc_column_inner el_class=&#8221;row2-col-1-forme-pdt&#8221; width=&#8221;2\/6&#8243;][vc_empty_space height=&#8221;15px&#8221;][vc_single_image image=&#8221;17361&#8243; img_size=&#8221;full&#8221; alignment=&#8221;center&#8221; qode_css_animation=&#8221;&#8221;][\/vc_column_inner][vc_column_inner el_class=&#8221;row2-col-2-forme-pdt&#8221; width=&#8221;1\/6&#8243;][vc_empty_space height=&#8221;20px&#8221;][\/vc_column_inner][vc_column_inner el_class=&#8221;row2-col-3-forme-pdt&#8221; width=&#8221;2\/6&#8243;][text-blocks id=\"desc-pdt-row-2-col-3-pspes\"][\/vc_column_inner][\/vc_row_inner][\/vc_column][\/vc_row]<\/p>\n<\/div>\n","protected":false},"featured_media":29431,"comment_status":"closed","ping_status":"closed","template":"","meta":[],"_links":{"self":[{"href":"https:\/\/randa.tn\/en\/wp-json\/wp\/v2\/product\/17861"}],"collection":[{"href":"https:\/\/randa.tn\/en\/wp-json\/wp\/v2\/product"}],"about":[{"href":"https:\/\/randa.tn\/en\/wp-json\/wp\/v2\/types\/product"}],"replies":[{"embeddable":true,"href":"https:\/\/randa.tn\/en\/wp-json\/wp\/v2\/comments?post=17861"}],"wp:featuredmedia":[{"embeddable":true,"href":"https:\/\/randa.tn\/en\/wp-json\/wp\/v2\/media\/29431"}],"wp:attachment":[{"href":"https:\/\/randa.tn\/en\/wp-json\/wp\/v2\/media?parent=17861"}],"curies":[{"name":"wp","href":"https:\/\/api.w.org\/{rel}","templated":true}]}}