{"id":19414,"date":"2017-09-15T12:09:37","date_gmt":"2017-09-15T10:09:37","guid":{"rendered":"http:\/\/www.randa.tn\/?page_id=19414"},"modified":"2019-06-25T09:22:29","modified_gmt":"2019-06-25T08:22:29","slug":"historique-randa-fabricant-de-pates-alimentaires","status":"publish","type":"page","link":"https:\/\/randa.tn\/en\/historique-randa-fabricant-de-pates-alimentaires\/","title":{"rendered":"History Randa Food Industries Company pasta"},"content":{"rendered":"<p>[vc_row css_animation=&#8221;&#8221; row_type=&#8221;row&#8221; use_row_as_full_screen_section=&#8221;no&#8221; type=&#8221;grid&#8221; angled_section=&#8221;no&#8221; text_align=&#8221;left&#8221; background_image_as_pattern=&#8221;without_pattern&#8221; padding_bottom=&#8221;0&#8243;][vc_column width=&#8221;1\/3&#8243; css=&#8221;.vc_custom_1491409714852{padding-right: 50px !important;padding-left: 50px !important;}&#8221;][\/vc_column][vc_column width=&#8221;1\/3&#8243;][vc_empty_space height=&#8221;62px&#8221;][vc_column_text]<\/p>\n<h1 style=\"text-align: center;\">History<\/h1>\n<p>[\/vc_column_text][vc_empty_space height=&#8221;42px&#8221;][\/vc_column][vc_column width=&#8221;1\/3&#8243;][\/vc_column][\/vc_row][vc_row css_animation=&#8221;&#8221; row_type=&#8221;row&#8221; use_row_as_full_screen_section=&#8221;no&#8221; type=&#8221;grid&#8221; angled_section=&#8221;no&#8221; text_align=&#8221;center&#8221; background_image_as_pattern=&#8221;without_pattern&#8221; row_negative_margin=&#8221;disable_negative_margin&#8221;][vc_column][vc_column_text]\t\t<div class=\"wpostahs-slider-wrp \">\r\n\t\t\t<div class=\"wpostahs-slider wpostahs-slider-inner-wrp wpostahs-slider-design-1\">\r\n\t\t\t\t\n<div id=\"wpostahs-slider-nav-1\" class=\"wpostahs-slider-nav-1 wpostahs-slider-nav wpostahs-slick-slider\" data-slider-nav-for='wpostahs-slider-for-1'>\n\t\t\t<div class=\"wpostahs-slider-nav-title\">\n\t\t\t<div class=\"wpostahs-main-title\">\n\t\t\t\t\t\t\t<img decoding=\"async\"  src=\"https:\/\/randa.tn\/wp-content\/uploads\/2017\/09\/usine_randa_1-300x200.jpg\" alt=\"1987\" \/>\n\t\t\t1987\t\t\t<\/div>\n\t\t<\/div>\n\t\t\t<div class=\"wpostahs-slider-nav-title\">\n\t\t\t<div class=\"wpostahs-main-title\">\n\t\t\t\t\t\t\t<img decoding=\"async\"  src=\"https:\/\/randa.tn\/wp-content\/uploads\/2017\/09\/part_demarche-300x200.jpg\" alt=\"1988\" \/>\n\t\t\t1988\t\t\t<\/div>\n\t\t<\/div>\n\t\t\t<div class=\"wpostahs-slider-nav-title\">\n\t\t\t<div class=\"wpostahs-main-title\">\n\t\t\t\t\t\t\t<img decoding=\"async\"  src=\"https:\/\/randa.tn\/wp-content\/uploads\/2017\/09\/pate-courte_randa-histoire-300x200.jpg\" alt=\"1989\" \/>\n\t\t\t1989\t\t\t<\/div>\n\t\t<\/div>\n\t\t\t<div class=\"wpostahs-slider-nav-title\">\n\t\t\t<div class=\"wpostahs-main-title\">\n\t\t\t\t\t\t\t<img decoding=\"async\"  src=\"https:\/\/randa.tn\/wp-content\/uploads\/2017\/09\/pate-longue_randa-histoire-300x200.jpg\" alt=\"1993\" \/>\n\t\t\t1993\t\t\t<\/div>\n\t\t<\/div>\n\t\t\t<div class=\"wpostahs-slider-nav-title\">\n\t\t\t<div class=\"wpostahs-main-title\">\n\t\t\t\t\t\t\t<img decoding=\"async\"  src=\"https:\/\/randa.tn\/wp-content\/uploads\/2017\/09\/pate-speciuilae_randa-histoire-300x200.jpg\" alt=\"1995\" \/>\n\t\t\t1995\t\t\t<\/div>\n\t\t<\/div>\n\t\t\t<div class=\"wpostahs-slider-nav-title\">\n\t\t\t<div class=\"wpostahs-main-title\">\n\t\t\t\t\t\t\t<img decoding=\"async\"  src=\"https:\/\/randa.tn\/wp-content\/uploads\/2017\/09\/couscous_randa-histoire-300x200.jpg\" alt=\"1996\" \/>\n\t\t\t1996\t\t\t<\/div>\n\t\t<\/div>\n\t\t\t<div class=\"wpostahs-slider-nav-title\">\n\t\t\t<div class=\"wpostahs-main-title\">\n\t\t\t\t\t\t\t<img decoding=\"async\"  src=\"https:\/\/randa.tn\/wp-content\/uploads\/2017\/09\/assurance_qualite-300x200.jpg\" alt=\"1997\" \/>\n\t\t\t1997\t\t\t<\/div>\n\t\t<\/div>\n\t\t\t<div class=\"wpostahs-slider-nav-title\">\n\t\t\t<div class=\"wpostahs-main-title\">\n\t\t\t\t\t\t\t<img decoding=\"async\"  src=\"https:\/\/randa.tn\/wp-content\/uploads\/2017\/09\/qualite-reussite-2-300x200.jpg\" alt=\"1999\" \/>\n\t\t\t1999\t\t\t<\/div>\n\t\t<\/div>\n\t\t\t<div class=\"wpostahs-slider-nav-title\">\n\t\t\t<div class=\"wpostahs-main-title\">\n\t\t\t\t\t\t\t<img decoding=\"async\"  src=\"https:\/\/randa.tn\/wp-content\/uploads\/2017\/09\/part-demarche-300x200.jpg\" alt=\"2000\" \/>\n\t\t\t2000\t\t\t<\/div>\n\t\t<\/div>\n\t\t\t<div class=\"wpostahs-slider-nav-title\">\n\t\t\t<div class=\"wpostahs-main-title\">\n\t\t\t\t\t\t\t<img decoding=\"async\"  src=\"https:\/\/randa.tn\/wp-content\/uploads\/2017\/09\/usine_randa-300x200.jpg\" alt=\"2001\" \/>\n\t\t\t2001\t\t\t<\/div>\n\t\t<\/div>\n\t\t\t<div class=\"wpostahs-slider-nav-title\">\n\t\t\t<div class=\"wpostahs-main-title\">\n\t\t\t\t\t\t\t<img decoding=\"async\"  src=\"https:\/\/randa.tn\/wp-content\/uploads\/2017\/09\/usine_randa_2-300x200.jpg\" alt=\"2001\" \/>\n\t\t\t2001\t\t\t<\/div>\n\t\t<\/div>\n\t\t\t<div class=\"wpostahs-slider-nav-title\">\n\t\t\t<div class=\"wpostahs-main-title\">\n\t\t\t\t\t\t\t<img decoding=\"async\"  src=\"https:\/\/randa.tn\/wp-content\/uploads\/2017\/09\/photo_Qiualit\u00e9_13-300x200.jpg\" alt=\"2002\" \/>\n\t\t\t2002\t\t\t<\/div>\n\t\t<\/div>\n\t\t\t<div class=\"wpostahs-slider-nav-title\">\n\t\t\t<div class=\"wpostahs-main-title\">\n\t\t\t\t\t\t\t<img decoding=\"async\"  src=\"https:\/\/randa.tn\/wp-content\/uploads\/2017\/09\/sante-pate-randa-23jpg-300x200.jpg\" alt=\"2003\" \/>\n\t\t\t2003\t\t\t<\/div>\n\t\t<\/div>\n\t\t\t<div class=\"wpostahs-slider-nav-title\">\n\t\t\t<div class=\"wpostahs-main-title\">\n\t\t\t\t\t\t\t<img decoding=\"async\"  src=\"https:\/\/randa.tn\/wp-content\/uploads\/2017\/09\/fond_produits-300x200.jpg\" alt=\"2005\" \/>\n\t\t\t2005\t\t\t<\/div>\n\t\t<\/div>\n\t\t\t<div class=\"wpostahs-slider-nav-title\">\n\t\t\t<div class=\"wpostahs-main-title\">\n\t\t\t\t\t\t\t<img decoding=\"async\"  src=\"https:\/\/randa.tn\/wp-content\/uploads\/2017\/09\/qualite-reussite-300x200.jpg\" alt=\"2005\" \/>\n\t\t\t2005\t\t\t<\/div>\n\t\t<\/div>\n\t\t\t<div class=\"wpostahs-slider-nav-title\">\n\t\t\t<div class=\"wpostahs-main-title\">\n\t\t\t\t\t\t\t<img decoding=\"async\"  src=\"https:\/\/randa.tn\/wp-content\/uploads\/2017\/09\/service_conseil_iso_14001-300x200.jpg\" alt=\"2005\" \/>\n\t\t\t2005\t\t\t<\/div>\n\t\t<\/div>\n\t\t\t<div class=\"wpostahs-slider-nav-title\">\n\t\t\t<div class=\"wpostahs-main-title\">\n\t\t\t\t\t\t\t<img decoding=\"async\"  src=\"https:\/\/randa.tn\/wp-content\/uploads\/2017\/09\/patespecialeranda-300x200.jpg\" alt=\"2009\" \/>\n\t\t\t2009\t\t\t<\/div>\n\t\t<\/div>\n\t\t\t<div class=\"wpostahs-slider-nav-title\">\n\t\t\t<div class=\"wpostahs-main-title\">\n\t\t\t\t\t\t\t<img decoding=\"async\"  src=\"https:\/\/randa.tn\/wp-content\/uploads\/2017\/09\/9001-2008-300x200.jpg\" alt=\"2009\" \/>\n\t\t\t2009\t\t\t<\/div>\n\t\t<\/div>\n\t\t\t<div class=\"wpostahs-slider-nav-title\">\n\t\t\t<div class=\"wpostahs-main-title\">\n\t\t\t\t\t\t\t<img decoding=\"async\"  src=\"https:\/\/randa.tn\/wp-content\/uploads\/2017\/09\/patesant\u00e9-menu-2-300x200.jpg\" alt=\"2010\" \/>\n\t\t\t2010\t\t\t<\/div>\n\t\t<\/div>\n\t\t\t<div class=\"wpostahs-slider-nav-title\">\n\t\t\t<div class=\"wpostahs-main-title\">\n\t\t\t\t\t\t\t<img decoding=\"async\"  src=\"https:\/\/randa.tn\/wp-content\/uploads\/2017\/09\/pate-longue_randa-histoire-300x200.jpg\" alt=\"2012\" \/>\n\t\t\t2012\t\t\t<\/div>\n\t\t<\/div>\n\t\t\t<div class=\"wpostahs-slider-nav-title\">\n\t\t\t<div class=\"wpostahs-main-title\">\n\t\t\t\t\t\t\t<img decoding=\"async\"  src=\"https:\/\/randa.tn\/wp-content\/uploads\/2017\/09\/usine_randa_4-300x200.jpg\" alt=\"2016\" \/>\n\t\t\t2016\t\t\t<\/div>\n\t\t<\/div>\n\t<\/div>\n\n<div class=\"wpostahs-slider-for-1 wpostahs-slider-for wpostahs-slick-slider\">\n\t\t\t<div class=\"wpostahs-slider-nav-content\">\n\t\t\t<h2 class=\"wpostahs-centent-title\">1987<\/h2>\n\t\t\t<div class=\"wpostahs-centent\">\n\t\t\t\t<p>[vc_empty_space height=&#8221;5px&#8221;]<\/p>\n<h3>Establishment of the company \u00ab SIA-RANDA \u00bb<\/h3>\n<p>[vc_empty_space height=&#8221;10px&#8221;]<br \/>\nSoci\u00e9t\u00e9 Les Industries Alimentaires (Food Industries Company), producing RANDA pasta and having:<br \/>\n\u2013 A line of long pasta produced under high T\u00b01750 kg\/h<br \/>\n\u2013 A line of short pasta produced under high T\u00b01500kg\/h<\/p>\n<p>[vc_empty_space height=&#8221;80px&#8221;]<\/p>\n\t\t\t<\/div>\n\t\t<\/div>\n\t\t\t<div class=\"wpostahs-slider-nav-content\">\n\t\t\t<h2 class=\"wpostahs-centent-title\">1988<\/h2>\n\t\t\t<div class=\"wpostahs-centent\">\n\t\t\t\t<p>[vc_empty_space height=&#8221;5px&#8221;]<\/p>\n<h3>The leading brand<\/h3>\n<p>[vc_empty_space height=&#8221;10px&#8221;]<\/p>\n<p>SIA-RANDA is the leading brand in Tunisia with 40% Of the market share<\/p>\n<p>[vc_empty_space height=&#8221;125px&#8221;]<\/p>\n\t\t\t<\/div>\n\t\t<\/div>\n\t\t\t<div class=\"wpostahs-slider-nav-content\">\n\t\t\t<h2 class=\"wpostahs-centent-title\">1989<\/h2>\n\t\t\t<div class=\"wpostahs-centent\">\n\t\t\t\t<p>[vc_empty_space height=&#8221;5px&#8221;]<\/p>\n<h3>Short pasta line<\/h3>\n<p>[vc_empty_space height=&#8221;10px&#8221;]<\/p>\n<p>Introduction of a short pasta line with a capacity of: 1500 kg\/h<\/p>\n<p>[vc_empty_space height=&#8221;115px&#8221;]<\/p>\n\t\t\t<\/div>\n\t\t<\/div>\n\t\t\t<div class=\"wpostahs-slider-nav-content\">\n\t\t\t<h2 class=\"wpostahs-centent-title\">1993<\/h2>\n\t\t\t<div class=\"wpostahs-centent\">\n\t\t\t\t<p>[vc_empty_space height=&#8221;5px&#8221;]<\/p>\n<h3>Ligne de p\u00e2tes longues<\/h3>\n<p>[vc_empty_space height=&#8221;10px&#8221;]<\/p>\n<p>Installation of a long pasta line with a capacity of: 2008 kg\/h<br \/>\nThis is the first TURBOTHEMATIK production line in Africa <\/p>\n<p>[vc_empty_space height=&#8221;100px&#8221;]<\/p>\n\t\t\t<\/div>\n\t\t<\/div>\n\t\t\t<div class=\"wpostahs-slider-nav-content\">\n\t\t\t<h2 class=\"wpostahs-centent-title\">1995<\/h2>\n\t\t\t<div class=\"wpostahs-centent\">\n\t\t\t\t<p>[vc_empty_space height=&#8221;5px&#8221;]<\/p>\n<h3>Special pasta line<\/h3>\n<p>[vc_empty_space height=&#8221;10px&#8221;]<\/p>\n<p>Installation of a special pasta line with a capacity of: 300 kg\/h<\/p>\n<p>[vc_empty_space height=&#8221;110px&#8221;]<\/p>\n\t\t\t<\/div>\n\t\t<\/div>\n\t\t\t<div class=\"wpostahs-slider-nav-content\">\n\t\t\t<h2 class=\"wpostahs-centent-title\">1996<\/h2>\n\t\t\t<div class=\"wpostahs-centent\">\n\t\t\t\t<p>[vc_empty_space height=&#8221;5px&#8221;]<\/p>\n<h3>Couscous production line<\/h3>\n<p>[vc_empty_space height=&#8221;10px&#8221;]<\/p>\n<p>Installation of a couscous production line with a capacity of: 1200 kg\/h<\/p>\n<p>[vc_empty_space height=&#8221;115px&#8221;]<\/p>\n\t\t\t<\/div>\n\t\t<\/div>\n\t\t\t<div class=\"wpostahs-slider-nav-content\">\n\t\t\t<h2 class=\"wpostahs-centent-title\">1997<\/h2>\n\t\t\t<div class=\"wpostahs-centent\">\n\t\t\t\t<p>[vc_empty_space height=&#8221;5px&#8221;]<\/p>\n<h3>Quality Assurance System<\/h3>\n<p>[vc_empty_space height=&#8221;10px&#8221;]<\/p>\n<p>Launch of a project to set up a Quality Assurance System in conformity with the ISO 9002 standard<\/p>\n<p>[vc_empty_space height=&#8221;105px&#8221;]<\/p>\n\t\t\t<\/div>\n\t\t<\/div>\n\t\t\t<div class=\"wpostahs-slider-nav-content\">\n\t\t\t<h2 class=\"wpostahs-centent-title\">1999<\/h2>\n\t\t\t<div class=\"wpostahs-centent\">\n\t\t\t\t<p>[vc_empty_space height=&#8221;5px&#8221;]<\/p>\n<h3>ISO 9002 certification<\/h3>\n<p>[vc_empty_space height=&#8221;10px&#8221;]ISO 9002 certification, at the first audit conducted by the Soci\u00e9t\u00e9 G\u00e9n\u00e9rale de Surveillance SGS[vc_empty_space height=&#8221;120px&#8221;]<\/p>\n\t\t\t<\/div>\n\t\t<\/div>\n\t\t\t<div class=\"wpostahs-slider-nav-content\">\n\t\t\t<h2 class=\"wpostahs-centent-title\">2000<\/h2>\n\t\t\t<div class=\"wpostahs-centent\">\n\t\t\t\t<p>[vc_empty_space height=&#8221;5px&#8221;]<\/p>\n<h3>Food Safety Management System<\/h3>\n<p>[vc_empty_space height=&#8221;10px&#8221;]<\/p>\n<p>Implementation of a HACCP Food Safety Management System in accordance with the Danish DS 3027 standard<\/p>\n<p>[vc_empty_space height=&#8221;110px&#8221;]<\/p>\n\t\t\t<\/div>\n\t\t<\/div>\n\t\t\t<div class=\"wpostahs-slider-nav-content\">\n\t\t\t<h2 class=\"wpostahs-centent-title\">2001<\/h2>\n\t\t\t<div class=\"wpostahs-centent\">\n\t\t\t\t<p>[vc_empty_space height=&#8221;5px&#8221;]<\/p>\n<h3>Update of the Quality Assurance System<\/h3>\n<p>[vc_empty_space height=&#8221;10px&#8221;]<\/p>\n<p>Update of the Quality Assurance System towards a quality management system in accordance with the international ISO9001 standard (2000)<\/p>\n<p>[vc_empty_space height=&#8221;90px&#8221;]<\/p>\n\t\t\t<\/div>\n\t\t<\/div>\n\t\t\t<div class=\"wpostahs-slider-nav-content\">\n\t\t\t<h2 class=\"wpostahs-centent-title\">2001<\/h2>\n\t\t\t<div class=\"wpostahs-centent\">\n\t\t\t\t<p>[vc_empty_space height=&#8221;5px&#8221;]<\/p>\n<h3>Third short pasta production line<\/h3>\n<p>[vc_empty_space height=&#8221;10px&#8221;]<\/p>\n<p>Installation of a third short pasta production line with a capacity of: 1500 kg\/h<\/p>\n<p>[vc_empty_space height=&#8221;108px&#8221;]<\/p>\n\t\t\t<\/div>\n\t\t<\/div>\n\t\t\t<div class=\"wpostahs-slider-nav-content\">\n\t\t\t<h2 class=\"wpostahs-centent-title\">2002<\/h2>\n\t\t\t<div class=\"wpostahs-centent\">\n\t\t\t\t<p>[vc_empty_space height=&#8221;5px&#8221;]<\/p>\n<h3>Certification for pasta and couscous<\/h3>\n<p>[vc_empty_space height=&#8221;10px&#8221;]<\/p>\n<p>Study of setting up of a product certification for pasta and couscous<\/p>\n<p>[vc_empty_space height=&#8221;105px&#8221;]<\/p>\n\t\t\t<\/div>\n\t\t<\/div>\n\t\t\t<div class=\"wpostahs-slider-nav-content\">\n\t\t\t<h2 class=\"wpostahs-centent-title\">2003<\/h2>\n\t\t\t<div class=\"wpostahs-centent\">\n\t\t\t\t<p>[vc_empty_space height=&#8221;5px&#8221;]<\/p>\n<h3>Product Certification<\/h3>\n<p>[vc_empty_space height=&#8221;120px&#8221;]<\/p>\n\t\t\t<\/div>\n\t\t<\/div>\n\t\t\t<div class=\"wpostahs-slider-nav-content\">\n\t\t\t<h2 class=\"wpostahs-centent-title\">2005<\/h2>\n\t\t\t<div class=\"wpostahs-centent\">\n\t\t\t\t<p>[vc_empty_space height=&#8221;5px&#8221;]<\/p>\n<h3>ISO9001 Certification &#8211; Version 2000<\/h3>\n<p>[vc_empty_space height=&#8221;140px&#8221;]<\/p>\n\t\t\t<\/div>\n\t\t<\/div>\n\t\t\t<div class=\"wpostahs-slider-nav-content\">\n\t\t\t<h2 class=\"wpostahs-centent-title\">2005<\/h2>\n\t\t\t<div class=\"wpostahs-centent\">\n\t\t\t\t<p>[vc_empty_space height=&#8221;5px&#8221;]<\/p>\n<h3>ISO 9001 Certification &#8211; Version 2005<\/h3>\n<p>[vc_empty_space height=&#8221;150px&#8221;]<\/p>\n\t\t\t<\/div>\n\t\t<\/div>\n\t\t\t<div class=\"wpostahs-slider-nav-content\">\n\t\t\t<h2 class=\"wpostahs-centent-title\">2005<\/h2>\n\t\t\t<div class=\"wpostahs-centent\">\n\t\t\t\t<p>[vc_empty_space height=&#8221;5px&#8221;]<\/p>\n<h3>Environnemental management system ISO14001<\/h3>\n<p>[vc_empty_space height=&#8221;10px&#8221;]<\/p>\n<p>Implementation of the environnemental management system ISO14001<\/p>\n<p>[vc_empty_space height=&#8221;105px&#8221;]<\/p>\n\t\t\t<\/div>\n\t\t<\/div>\n\t\t\t<div class=\"wpostahs-slider-nav-content\">\n\t\t\t<h2 class=\"wpostahs-centent-title\">2009<\/h2>\n\t\t\t<div class=\"wpostahs-centent\">\n\t\t\t\t<p>[vc_empty_space height=&#8221;5px&#8221;]<\/p>\n<h3>Fully automated production line for special pasta<\/h3>\n<p>[vc_empty_space height=&#8221;10px&#8221;]<\/p>\n<p>Installation of a fully automated production line for special pasta.<\/p>\n<p>[vc_empty_space height=&#8221;110px&#8221;]<\/p>\n\t\t\t<\/div>\n\t\t<\/div>\n\t\t\t<div class=\"wpostahs-slider-nav-content\">\n\t\t\t<h2 class=\"wpostahs-centent-title\">2009<\/h2>\n\t\t\t<div class=\"wpostahs-centent\">\n\t\t\t\t<p>[vc_empty_space height=&#8221;5px&#8221;]<\/p>\n<h3>ISO9001 Certification &#8211; Version 2008<\/h3>\n<p>[vc_empty_space height=&#8221;140px&#8221;]<\/p>\n\t\t\t<\/div>\n\t\t<\/div>\n\t\t\t<div class=\"wpostahs-slider-nav-content\">\n\t\t\t<h2 class=\"wpostahs-centent-title\">2010<\/h2>\n\t\t\t<div class=\"wpostahs-centent\">\n\t\t\t\t<p>[vc_empty_space height=&#8221;5px&#8221;]<\/p>\n<h3>Food Safety Management System<\/h3>\n<p>[vc_empty_space height=&#8221;10px&#8221;]<\/p>\n<p>Implementation of the HACCP Food Safety Management System according to ISO22000 standard<\/p>\n<p>[vc_empty_space height=&#8221;100px&#8221;]<\/p>\n\t\t\t<\/div>\n\t\t<\/div>\n\t\t\t<div class=\"wpostahs-slider-nav-content\">\n\t\t\t<h2 class=\"wpostahs-centent-title\">2012<\/h2>\n\t\t\t<div class=\"wpostahs-centent\">\n\t\t\t\t<p>[vc_empty_space height=&#8221;5px&#8221;]<\/p>\n<h3>Long pasta production lin<\/h3>\n<p>[vc_empty_space height=&#8221;10px&#8221;]<\/p>\n<p>Installation of a long pasta production line with a capacity of 4000kg\/h<\/p>\n<p>[vc_empty_space height=&#8221;100px&#8221;]<\/p>\n\t\t\t<\/div>\n\t\t<\/div>\n\t\t\t<div class=\"wpostahs-slider-nav-content\">\n\t\t\t<h2 class=\"wpostahs-centent-title\">2016<\/h2>\n\t\t\t<div class=\"wpostahs-centent\">\n\t\t\t\t<p>[vc_empty_space height=&#8221;5px&#8221;]<\/p>\n<h3>4th production line for short pasta<\/h3>\n<p>[vc_empty_space height=&#8221;10px&#8221;]<\/p>\n<p>Acquisition of a 4th production line for short pasta<\/p>\n<p>[vc_empty_space height=&#8221;100px&#8221;]<\/p>\n\t\t\t<\/div>\n\t\t<\/div>\n\t<\/div><!-- #post-## -->\t\t\t<\/div>\r\n\t\t<div class=\"wpostahs-slider-conf\" data-conf=\"{&quot;dots&quot;:&quot;true&quot;,&quot;arrows&quot;:&quot;true&quot;,&quot;loop&quot;:&quot;true&quot;,&quot;autoplay&quot;:&quot;true&quot;,&quot;autoplayInterval&quot;:&quot;400&quot;,&quot;speed&quot;:&quot;3000&quot;,&quot;fade&quot;:&quot;false&quot;,&quot;rtl&quot;:&quot;false&quot;,&quot;centermode&quot;:&quot;false&quot;,&quot;slidestoshow&quot;:3,&quot;lazyload&quot;:&quot;&quot;}\"><\/div>\r\n\t\t<\/div>\r\n\t\t[\/vc_column_text][vc_empty_space height=&#8221;62px&#8221;][\/vc_column][\/vc_row]<\/p>\n","protected":false},"excerpt":{"rendered":"<p>[vc_row css_animation=&#8221;&#8221; row_type=&#8221;row&#8221; use_row_as_full_screen_section=&#8221;no&#8221; type=&#8221;grid&#8221; angled_section=&#8221;no&#8221; text_align=&#8221;left&#8221; background_image_as_pattern=&#8221;without_pattern&#8221; padding_bottom=&#8221;0&#8243;][vc_column width=&#8221;1\/3&#8243; css=&#8221;.vc_custom_1491409714852{padding-right: 50px !important;padding-left: 50px !important;}&#8221;][\/vc_column][vc_column width=&#8221;1\/3&#8243;][vc_empty_space height=&#8221;62px&#8221;][vc_column_text] History [\/vc_column_text][vc_empty_space height=&#8221;42px&#8221;][\/vc_column][vc_column width=&#8221;1\/3&#8243;][\/vc_column][\/vc_row][vc_row css_animation=&#8221;&#8221; row_type=&#8221;row&#8221; use_row_as_full_screen_section=&#8221;no&#8221; type=&#8221;grid&#8221; angled_section=&#8221;no&#8221; text_align=&#8221;center&#8221; background_image_as_pattern=&#8221;without_pattern&#8221; row_negative_margin=&#8221;disable_negative_margin&#8221;][vc_column][vc_column_text][\/vc_column_text][vc_empty_space height=&#8221;62px&#8221;][\/vc_column][\/vc_row]<\/p>\n","protected":false},"author":4,"featured_media":0,"parent":0,"menu_order":0,"comment_status":"closed","ping_status":"closed","template":"full_width.php","meta":{"footnotes":""},"_links":{"self":[{"href":"https:\/\/randa.tn\/en\/wp-json\/wp\/v2\/pages\/19414"}],"collection":[{"href":"https:\/\/randa.tn\/en\/wp-json\/wp\/v2\/pages"}],"about":[{"href":"https:\/\/randa.tn\/en\/wp-json\/wp\/v2\/types\/page"}],"author":[{"embeddable":true,"href":"https:\/\/randa.tn\/en\/wp-json\/wp\/v2\/users\/4"}],"replies":[{"embeddable":true,"href":"https:\/\/randa.tn\/en\/wp-json\/wp\/v2\/comments?post=19414"}],"version-history":[{"count":2,"href":"https:\/\/randa.tn\/en\/wp-json\/wp\/v2\/pages\/19414\/revisions"}],"predecessor-version":[{"id":22920,"href":"https:\/\/randa.tn\/en\/wp-json\/wp\/v2\/pages\/19414\/revisions\/22920"}],"wp:attachment":[{"href":"https:\/\/randa.tn\/en\/wp-json\/wp\/v2\/media?parent=19414"}],"curies":[{"name":"wp","href":"https:\/\/api.w.org\/{rel}","templated":true}]}}